{"id":10,"date":"2022-11-19T10:00:10","date_gmt":"2022-11-19T10:00:10","guid":{"rendered":"https:\/\/xn--hrtgenwaldmarsch-jzb.com\/?page_id=10"},"modified":"2026-03-24T13:14:14","modified_gmt":"2026-03-24T13:14:14","slug":"info-heft-info-brochure","status":"publish","type":"page","link":"https:\/\/xn--hrtgenwaldmarsch-jzb.com\/?page_id=10","title":{"rendered":"Infos &#038; Downloads"},"content":{"rendered":"\n<h6 class=\"wp-block-heading has-black-color has-cyan-bluish-gray-background-color has-text-color has-background has-link-color has-small-font-size wp-elements-3f012491038a99b198c1316c6516568b\" style=\"font-style:normal;font-weight:600\"><\/h6>\n\n\n\n<h6 class=\"wp-block-heading has-black-color has-cyan-bluish-gray-background-color has-text-color has-background has-link-color has-small-font-size wp-elements-d2b3b4008056374a07cc233e1dda46be\" style=\"font-style:normal;font-weight:600;text-decoration:none\"><\/h6>\n\n\n\n<h2 class=\"wp-block-heading has-black-color has-cyan-bluish-gray-background-color has-text-color has-background has-link-color has-small-font-size wp-elements-37d2479bff1afadfefa819f5e39bb462\"><\/h2>\n\n\n\n<p>Start und Ziel ist wie im letzten Jahr der Sportplatz in Vossenack. In diesem Jahr bieten wir auch wieder in Zusammenarbeit mit dem Eifelverein, der Ortgruppe Vossenack e.V. und OG Schmidt e.V., neben den individuellen Touren auch zwei gef\u00fchrte Wanderungen an. Die Touren werden durch erfahrende Wanderf\u00fchrer gef\u00fchrt. Der Start und die Wanderung erfolgen in der Gruppe. Die Gruppe bleibt zusammen und wandert gemeinsam. Die Touren und Einzelheiten finden Sie oben in der Ausschreibung der Marsch- und Wanderstrecken.<br><\/p>\n\n\n\n<p>As last year, the start and finish is the sports field in Vossenack. This year, in cooperation with the Eifelverein, the local group Vossenack e.V. and OG Schmidt e.V., we are again offering two guided hikes in addition to the individual tours. The tours are led by experienced hiking guides. The start and the hike take place in a group. The group stays together and hikes together. The tours and details can be found above in the description of the walking and hiking routes.<\/p>\n\n\n\n<figure class=\"wp-block-image size-large\"><img loading=\"lazy\" decoding=\"async\" width=\"1024\" height=\"661\" src=\"https:\/\/xn--hrtgenwaldmarsch-jzb.com\/wp-content\/uploads\/2022\/11\/Karte-Vossenack-1024x661.png\" alt=\"\" class=\"wp-image-233\" srcset=\"https:\/\/xn--hrtgenwaldmarsch-jzb.com\/wp-content\/uploads\/2022\/11\/Karte-Vossenack-1024x661.png 1024w, https:\/\/xn--hrtgenwaldmarsch-jzb.com\/wp-content\/uploads\/2022\/11\/Karte-Vossenack-300x194.png 300w, https:\/\/xn--hrtgenwaldmarsch-jzb.com\/wp-content\/uploads\/2022\/11\/Karte-Vossenack-768x496.png 768w, https:\/\/xn--hrtgenwaldmarsch-jzb.com\/wp-content\/uploads\/2022\/11\/Karte-Vossenack.png 1233w\" sizes=\"auto, (max-width: 1024px) 100vw, 1024px\" \/><\/figure>\n\n\n\n<h2 class=\"wp-block-heading\">Hier der Flyer zum 40. Internationalen H\u00fcrtgenwaldmarsch als <strong>PDF File <\/strong>(Format JPEG folgt weiter unten) | Here is the flyer for the 40th International H\u00fcrtgenwald March as a <strong>PDF file<\/strong> (JPEG format follows below)<\/h2>\n\n\n\n<div data-wp-interactive=\"core\/file\" class=\"wp-block-file\"><object data-wp-bind--hidden=\"!state.hasPdfPreview\" hidden class=\"wp-block-file__embed\" data=\"https:\/\/xn--hrtgenwaldmarsch-jzb.com\/wp-content\/uploads\/2024\/06\/Flyer-IHM-2024.pdf\" type=\"application\/pdf\" style=\"width:100%;height:600px\" aria-label=\"Einbettung von Flyer-IHM-2024.\"><\/object><a id=\"wp-block-file--media-6e18651e-55e9-441d-963a-af5144d9c9db\" href=\"https:\/\/xn--hrtgenwaldmarsch-jzb.com\/wp-content\/uploads\/2024\/06\/Flyer-IHM-2024.pdf\">Flyer-IHM-2024<\/a><a href=\"https:\/\/xn--hrtgenwaldmarsch-jzb.com\/wp-content\/uploads\/2024\/06\/Flyer-IHM-2024.pdf\" class=\"wp-block-file__button wp-element-button\" download aria-describedby=\"wp-block-file--media-6e18651e-55e9-441d-963a-af5144d9c9db\">Herunterladen<\/a><\/div>\n\n\n\n<figure class=\"wp-block-image size-full is-resized\"><img loading=\"lazy\" decoding=\"async\" width=\"829\" height=\"870\" src=\"https:\/\/xn--hrtgenwaldmarsch-jzb.com\/wp-content\/uploads\/2024\/06\/Flyer-2024-Seite-1-1.png\" alt=\"\" class=\"wp-image-1439\" style=\"width:830px;height:auto\" srcset=\"https:\/\/xn--hrtgenwaldmarsch-jzb.com\/wp-content\/uploads\/2024\/06\/Flyer-2024-Seite-1-1.png 829w, https:\/\/xn--hrtgenwaldmarsch-jzb.com\/wp-content\/uploads\/2024\/06\/Flyer-2024-Seite-1-1-286x300.png 286w, https:\/\/xn--hrtgenwaldmarsch-jzb.com\/wp-content\/uploads\/2024\/06\/Flyer-2024-Seite-1-1-768x806.png 768w\" sizes=\"auto, (max-width: 829px) 100vw, 829px\" \/><\/figure>\n\n\n\n<h2 class=\"wp-block-heading\">Die Brosch\u00fcre zum H\u00fcrtgenwaldmarsch finden Sie hier im PDF-Format<\/h2>\n\n\n\n<div data-wp-interactive=\"core\/file\" class=\"wp-block-file\"><object data-wp-bind--hidden=\"!state.hasPdfPreview\" hidden class=\"wp-block-file__embed\" data=\"https:\/\/xn--hrtgenwaldmarsch-jzb.com\/wp-content\/uploads\/2024\/09\/Broschuere_IHM_DIN_2024_A4_Druck_11_7_2024_5_bg.pdf\" type=\"application\/pdf\" style=\"width:100%;height:600px\" aria-label=\"Einbettung von Broschuere_IHM_DIN_2024_A4_Druck_11_7_2024_5_bg.\"><\/object><a id=\"wp-block-file--media-9a8dd214-744b-4f8e-8f38-dfd95cedec85\" href=\"https:\/\/xn--hrtgenwaldmarsch-jzb.com\/wp-content\/uploads\/2024\/09\/Broschuere_IHM_DIN_2024_A4_Druck_11_7_2024_5_bg.pdf\">Broschuere_IHM_DIN_2024_A4_Druck_11_7_2024_5_bg<\/a><a href=\"https:\/\/xn--hrtgenwaldmarsch-jzb.com\/wp-content\/uploads\/2024\/09\/Broschuere_IHM_DIN_2024_A4_Druck_11_7_2024_5_bg.pdf\" class=\"wp-block-file__button wp-element-button\" download aria-describedby=\"wp-block-file--media-9a8dd214-744b-4f8e-8f38-dfd95cedec85\">Herunterladen<\/a><\/div>\n\n\n\n<figure class=\"wp-block-image size-full\"><img loading=\"lazy\" decoding=\"async\" width=\"718\" height=\"880\" src=\"https:\/\/xn--hrtgenwaldmarsch-jzb.com\/wp-content\/uploads\/2024\/06\/Flyer-2024-Seite-2.png\" alt=\"\" class=\"wp-image-1440\" srcset=\"https:\/\/xn--hrtgenwaldmarsch-jzb.com\/wp-content\/uploads\/2024\/06\/Flyer-2024-Seite-2.png 718w, https:\/\/xn--hrtgenwaldmarsch-jzb.com\/wp-content\/uploads\/2024\/06\/Flyer-2024-Seite-2-245x300.png 245w\" sizes=\"auto, (max-width: 718px) 100vw, 718px\" \/><\/figure>\n\n\n\n<p>Hier finden Sie Brosch\u00fcre zum 40. Internationalen H\u00fcrtgenwaldmarsch 2024<\/p>\n\n\n\n<div data-wp-interactive=\"core\/file\" class=\"wp-block-file\"><object data-wp-bind--hidden=\"!state.hasPdfPreview\" hidden class=\"wp-block-file__embed\" data=\"https:\/\/xn--hrtgenwaldmarsch-jzb.com\/wp-content\/uploads\/2024\/09\/Broschuere_IHM_DIN_2024_A4_Druck_11_7_2024_5_bg.pdf\" type=\"application\/pdf\" style=\"width:100%;height:600px\" aria-label=\"Einbettung von Broschuere_IHM_DIN_2024_A4_Druck_11_7_2024_5_bg.\"><\/object><a id=\"wp-block-file--media-c60988f9-262e-41de-ab26-84864774c9e4\" href=\"https:\/\/xn--hrtgenwaldmarsch-jzb.com\/wp-content\/uploads\/2024\/09\/Broschuere_IHM_DIN_2024_A4_Druck_11_7_2024_5_bg.pdf\">Broschuere_IHM_DIN_2024_A4_Druck_11_7_2024_5_bg<\/a><a href=\"https:\/\/xn--hrtgenwaldmarsch-jzb.com\/wp-content\/uploads\/2024\/09\/Broschuere_IHM_DIN_2024_A4_Druck_11_7_2024_5_bg.pdf\" class=\"wp-block-file__button wp-element-button\" download aria-describedby=\"wp-block-file--media-c60988f9-262e-41de-ab26-84864774c9e4\">Herunterladen<\/a><\/div>\n\n\n\n<p><\/p>\n\n\n\n<h4 class=\"wp-block-heading\">Hier der Flyer zum 39. Internationalen H\u00fcrtgenwaldmarsch als <strong>PDF File <\/strong>(Format JPEG folgt weiter unten) | Here is the flyer for the 39th International H\u00fcrtgenwald March as a <strong>PDF file<\/strong> (JPEG format follows below)<\/h4>\n\n\n\n<div data-wp-interactive=\"core\/file\" class=\"wp-block-file\"><object data-wp-bind--hidden=\"!state.hasPdfPreview\" hidden class=\"wp-block-file__embed\" data=\"https:\/\/xn--hrtgenwaldmarsch-jzb.com\/wp-content\/uploads\/2023\/01\/Flyer_IHM_2023.pdf\" type=\"application\/pdf\" style=\"width:100%;height:600px\" aria-label=\"Einbettung von Flyer_IHM_2023.\"><\/object><a id=\"wp-block-file--media-08a849f6-4d1b-41df-a322-ed0f931cd6aa\" href=\"https:\/\/xn--hrtgenwaldmarsch-jzb.com\/wp-content\/uploads\/2023\/01\/Flyer_IHM_2023.pdf\">Flyer_IHM_2023<\/a><a href=\"https:\/\/xn--hrtgenwaldmarsch-jzb.com\/wp-content\/uploads\/2023\/01\/Flyer_IHM_2023.pdf\" class=\"wp-block-file__button wp-element-button\" download aria-describedby=\"wp-block-file--media-08a849f6-4d1b-41df-a322-ed0f931cd6aa\">Herunterladen<\/a><\/div>\n\n\n\n<div class=\"wp-block-file\"><a id=\"wp-block-file--media-9879dc6a-69a7-46b1-b67b-7001c7c471d4\" href=\"https:\/\/xn--hrtgenwaldmarsch-jzb.com\/wp-content\/uploads\/2024\/06\/Flyer-2024-Seite-1.png\">Flyer-2024-Seite-1<\/a><a href=\"https:\/\/xn--hrtgenwaldmarsch-jzb.com\/wp-content\/uploads\/2024\/06\/Flyer-2024-Seite-1.png\" class=\"wp-block-file__button wp-element-button\" download aria-describedby=\"wp-block-file--media-9879dc6a-69a7-46b1-b67b-7001c7c471d4\">Herunterladen<\/a><\/div>\n\n\n\n<p>Hier der Flyer zum 39. Internationalen H\u00fcrtgenwaldmarsch im <strong>JPEG Format <\/strong>| Here is the flyer for the 39th International H\u00fcrtgenwald March in <strong>JPEG format<\/strong><\/p>\n\n\n\n<figure class=\"wp-block-image size-full\"><img loading=\"lazy\" decoding=\"async\" width=\"774\" height=\"820\" src=\"https:\/\/xn--hrtgenwaldmarsch-jzb.com\/wp-content\/uploads\/2023\/01\/Flyer2023-Seite-1-JPEG.jpg\" alt=\"\" class=\"wp-image-339\" srcset=\"https:\/\/xn--hrtgenwaldmarsch-jzb.com\/wp-content\/uploads\/2023\/01\/Flyer2023-Seite-1-JPEG.jpg 774w, https:\/\/xn--hrtgenwaldmarsch-jzb.com\/wp-content\/uploads\/2023\/01\/Flyer2023-Seite-1-JPEG-283x300.jpg 283w, https:\/\/xn--hrtgenwaldmarsch-jzb.com\/wp-content\/uploads\/2023\/01\/Flyer2023-Seite-1-JPEG-768x814.jpg 768w\" sizes=\"auto, (max-width: 774px) 100vw, 774px\" \/><\/figure>\n\n\n\n<figure class=\"wp-block-image size-full\"><img loading=\"lazy\" decoding=\"async\" width=\"773\" height=\"818\" src=\"https:\/\/xn--hrtgenwaldmarsch-jzb.com\/wp-content\/uploads\/2023\/01\/Flyer2023-Seite-1a-JPEG.jpg\" alt=\"\" class=\"wp-image-338\" srcset=\"https:\/\/xn--hrtgenwaldmarsch-jzb.com\/wp-content\/uploads\/2023\/01\/Flyer2023-Seite-1a-JPEG.jpg 773w, https:\/\/xn--hrtgenwaldmarsch-jzb.com\/wp-content\/uploads\/2023\/01\/Flyer2023-Seite-1a-JPEG-283x300.jpg 283w, https:\/\/xn--hrtgenwaldmarsch-jzb.com\/wp-content\/uploads\/2023\/01\/Flyer2023-Seite-1a-JPEG-768x813.jpg 768w\" sizes=\"auto, (max-width: 773px) 100vw, 773px\" \/><\/figure>\n\n\n\n<p><\/p>\n\n\n\n<p><\/p>\n\n\n\n<figure class=\"wp-block-image size-large\"><img loading=\"lazy\" decoding=\"async\" width=\"1024\" height=\"763\" src=\"https:\/\/xn--hrtgenwaldmarsch-jzb.com\/wp-content\/uploads\/2022\/11\/Bundeswehr-in-NRW-38.IHM-Video-Bundeswehr-Palmer-Pieper-019-1-1024x763.jpg\" alt=\"\" class=\"wp-image-132\" srcset=\"https:\/\/xn--hrtgenwaldmarsch-jzb.com\/wp-content\/uploads\/2022\/11\/Bundeswehr-in-NRW-38.IHM-Video-Bundeswehr-Palmer-Pieper-019-1-1024x763.jpg 1024w, https:\/\/xn--hrtgenwaldmarsch-jzb.com\/wp-content\/uploads\/2022\/11\/Bundeswehr-in-NRW-38.IHM-Video-Bundeswehr-Palmer-Pieper-019-1-300x224.jpg 300w, https:\/\/xn--hrtgenwaldmarsch-jzb.com\/wp-content\/uploads\/2022\/11\/Bundeswehr-in-NRW-38.IHM-Video-Bundeswehr-Palmer-Pieper-019-1-768x573.jpg 768w, https:\/\/xn--hrtgenwaldmarsch-jzb.com\/wp-content\/uploads\/2022\/11\/Bundeswehr-in-NRW-38.IHM-Video-Bundeswehr-Palmer-Pieper-019-1.jpg 1246w\" sizes=\"auto, (max-width: 1024px) 100vw, 1024px\" \/><figcaption class=\"wp-element-caption\">Unsere flei\u00dfigen Helfer sind wieder f\u00fcr euch da. Foto Bundeswehr Pfeifer &amp; Pieper<\/figcaption><\/figure>\n\n\n\n<p><\/p>\n\n\n\n<p><strong>Schirmherrschaft:<\/strong><\/p>\n\n\n\n<figure class=\"wp-block-image size-full is-resized\"><img loading=\"lazy\" decoding=\"async\" width=\"570\" height=\"482\" src=\"https:\/\/xn--hrtgenwaldmarsch-jzb.com\/wp-content\/uploads\/2023\/01\/Collage-Kooperationspartner-2.jpg\" alt=\"\" class=\"wp-image-413\" style=\"width:866px;height:732px\" srcset=\"https:\/\/xn--hrtgenwaldmarsch-jzb.com\/wp-content\/uploads\/2023\/01\/Collage-Kooperationspartner-2.jpg 570w, https:\/\/xn--hrtgenwaldmarsch-jzb.com\/wp-content\/uploads\/2023\/01\/Collage-Kooperationspartner-2-300x254.jpg 300w\" sizes=\"auto, (max-width: 570px) 100vw, 570px\" \/><\/figure>\n\n\n\n<figure class=\"wp-block-image size-full is-resized\"><img loading=\"lazy\" decoding=\"async\" width=\"570\" height=\"396\" src=\"https:\/\/xn--hrtgenwaldmarsch-jzb.com\/wp-content\/uploads\/2023\/01\/Collage-Kooperationspartner1.jpg\" alt=\"\" class=\"wp-image-407\" style=\"width:896px;height:622px\" srcset=\"https:\/\/xn--hrtgenwaldmarsch-jzb.com\/wp-content\/uploads\/2023\/01\/Collage-Kooperationspartner1.jpg 570w, https:\/\/xn--hrtgenwaldmarsch-jzb.com\/wp-content\/uploads\/2023\/01\/Collage-Kooperationspartner1-300x208.jpg 300w\" sizes=\"auto, (max-width: 570px) 100vw, 570px\" \/><\/figure>\n\n\n\n<p><strong>Kooperationspartner 2023:<\/strong><\/p>\n\n\n\n<figure class=\"wp-block-embed is-type-video is-provider-youtube wp-block-embed-youtube wp-embed-aspect-16-9 wp-has-aspect-ratio\"><div class=\"wp-block-embed__wrapper\">\n<iframe loading=\"lazy\" title=\"Wie wir erinnern (LZpB NRW - Wir stellen uns vor)\" width=\"768\" height=\"432\" src=\"https:\/\/www.youtube.com\/embed\/AA1Z29faDZM?feature=oembed\" frameborder=\"0\" allow=\"accelerometer; autoplay; clipboard-write; encrypted-media; gyroscope; picture-in-picture; web-share\" referrerpolicy=\"strict-origin-when-cross-origin\" allowfullscreen><\/iframe>\n<\/div><\/figure>\n","protected":false},"excerpt":{"rendered":"<p>Start und Ziel ist wie im letzten Jahr der Sportplatz in Vossenack. In diesem Jahr bieten wir auch wieder in Zusammenarbeit mit dem Eifelverein, der Ortgruppe Vossenack e.V. und OG [&hellip;]<\/p>\n","protected":false},"author":2,"featured_media":0,"parent":0,"menu_order":0,"comment_status":"closed","ping_status":"closed","template":"","meta":{"footnotes":""},"class_list":["post-10","page","type-page","status-publish","hentry"],"_links":{"self":[{"href":"https:\/\/xn--hrtgenwaldmarsch-jzb.com\/index.php?rest_route=\/wp\/v2\/pages\/10","targetHints":{"allow":["GET"]}}],"collection":[{"href":"https:\/\/xn--hrtgenwaldmarsch-jzb.com\/index.php?rest_route=\/wp\/v2\/pages"}],"about":[{"href":"https:\/\/xn--hrtgenwaldmarsch-jzb.com\/index.php?rest_route=\/wp\/v2\/types\/page"}],"author":[{"embeddable":true,"href":"https:\/\/xn--hrtgenwaldmarsch-jzb.com\/index.php?rest_route=\/wp\/v2\/users\/2"}],"replies":[{"embeddable":true,"href":"https:\/\/xn--hrtgenwaldmarsch-jzb.com\/index.php?rest_route=%2Fwp%2Fv2%2Fcomments&post=10"}],"version-history":[{"count":59,"href":"https:\/\/xn--hrtgenwaldmarsch-jzb.com\/index.php?rest_route=\/wp\/v2\/pages\/10\/revisions"}],"predecessor-version":[{"id":1842,"href":"https:\/\/xn--hrtgenwaldmarsch-jzb.com\/index.php?rest_route=\/wp\/v2\/pages\/10\/revisions\/1842"}],"wp:attachment":[{"href":"https:\/\/xn--hrtgenwaldmarsch-jzb.com\/index.php?rest_route=%2Fwp%2Fv2%2Fmedia&parent=10"}],"curies":[{"name":"wp","href":"https:\/\/api.w.org\/{rel}","templated":true}]}}